{"id":468,"date":"2020-12-04T16:14:28","date_gmt":"2020-12-04T15:14:28","guid":{"rendered":"https:\/\/shop.menopearl.com\/product\/menopearl\/"},"modified":"2023-10-24T10:32:07","modified_gmt":"2023-10-24T08:32:07","slug":"menopearl","status":"publish","type":"product","link":"https:\/\/shop.menopearl.com\/de\/produkt\/menopearl\/","title":{"rendered":"MENOPEARL\u00ae 28 Tabletten"},"content":{"rendered":"<p><strong>Sie ben\u00f6tigen mehr Information \u00fcber MENOPEARL\u00ae?<\/strong> Besuchen Sie uns unter <a href=\"https:\/\/menopearl.com\/at\/\" target=\"_blank\" rel=\"noopener\">menopearl.at<\/a><\/p>\n<p><span style=\"color: #808080;\"><small>Verpflichtende Informationen\/Angaben gem\u00e4\u00df Art. 9, Abs. 1 Lebensmittelinformationsverordnung \u2013 LMIV (EU 1169\/2011 vom 25.10.2011) f\u00fcr\u00a0MENOPEARL\u00ae (<a href=\"https:\/\/shop.menopearl.com\/wp-content\/uploads\/2023\/10\/Verpflichtende-Informationen-Menopearl-Tabletten-DE-V3-2.pdf\" target=\"_blank\" rel=\"noopener\">PDF<\/a>)<\/small><\/span><\/p>\n","protected":false},"excerpt":{"rendered":"<p>MENOPEARL\u00ae wurde speziell entwickelt, um Frauen bereits ab den ersten Anzeichen der Wechseljahre zu unterst\u00fctzen. Nur MENOPEARL\u00ae mit seinen zwei hochwertigen Inhaltsstoffen MF11RCE\u00ae-Rotklee Isoflavone und Hyalurons\u00e4ure hilft Frauen auf zwei Arten:<\/p>\n<ul>\n<li>Es lindert sp\u00fcrbar die typischen Symptome in den Wechseljahren und<\/li>\n<li>hilft, die Attraktivit\u00e4t zu erhalten, indem das Hautbild sichtbar gestrafft wird.<\/li>\n<\/ul>\n<p><strong>Wissenschaftliche Studien belegen den Effekt, Frauen sp\u00fcren den Unterschied.\u00a0Hormonfrei!<\/strong><\/p>\n","protected":false},"featured_media":457,"template":"","meta":{"_acf_changed":false},"product_brand":[],"product_cat":[26],"product_tag":[],"class_list":{"0":"post-468","1":"product","2":"type-product","3":"status-publish","4":"has-post-thumbnail","6":"product_cat-menopearl-de","8":"first","9":"instock","10":"taxable","11":"shipping-taxable","12":"purchasable","13":"product-type-simple"},"acf":[],"yoast_head":"<!-- This site is optimized with the Yoast SEO plugin v24.7 - https:\/\/yoast.com\/wordpress\/plugins\/seo\/ -->\n<title>MENOPEARL\u00ae 28 Tabletten - MENOPEARL\u00ae Official Store<\/title>\n<meta name=\"robots\" content=\"index, follow, max-snippet:-1, max-image-preview:large, max-video-preview:-1\" \/>\n<link rel=\"canonical\" href=\"https:\/\/shop.menopearl.com\/en\/produkt\/menopearl\/\" \/>\n<meta property=\"og:locale\" content=\"de_DE\" \/>\n<meta property=\"og:type\" content=\"article\" \/>\n<meta property=\"og:title\" content=\"MENOPEARL\u00ae 28 Tabletten - MENOPEARL\u00ae Official Store\" \/>\n<meta property=\"og:description\" content=\"MENOPEARL\u00ae wurde speziell entwickelt, um Frauen bereits ab den ersten Anzeichen der Wechseljahre zu unterst\u00fctzen. Nur MENOPEARL\u00ae mit seinen zwei hochwertigen Inhaltsstoffen MF11RCE\u00ae-Rotklee Isoflavone und Hyalurons\u00e4ure hilft Frauen auf zwei Arten:   Es lindert sp\u00fcrbar die typischen Symptome in den Wechseljahren und  hilft, die Attraktivit\u00e4t zu erhalten, indem das Hautbild sichtbar gestrafft wird.  Wissenschaftliche Studien belegen den Effekt, Frauen sp\u00fcren den Unterschied.\u00a0Hormonfrei!\" \/>\n<meta property=\"og:url\" content=\"https:\/\/shop.menopearl.com\/en\/produkt\/menopearl\/\" \/>\n<meta property=\"og:site_name\" content=\"MENOPEARL\u00ae Official Store\" \/>\n<meta property=\"article:modified_time\" content=\"2023-10-24T08:32:07+00:00\" \/>\n<meta property=\"og:image\" content=\"https:\/\/shop.menopearl.com\/wp-content\/uploads\/2021\/01\/menopearl-packshot-de.png\" \/>\n\t<meta property=\"og:image:width\" content=\"1296\" \/>\n\t<meta property=\"og:image:height\" content=\"1046\" \/>\n\t<meta property=\"og:image:type\" content=\"image\/png\" \/>\n<script type=\"application\/ld+json\" class=\"yoast-schema-graph\">{\"@context\":\"https:\/\/schema.org\",\"@graph\":[{\"@type\":\"WebPage\",\"@id\":\"https:\/\/shop.menopearl.com\/en\/produkt\/menopearl\/\",\"url\":\"https:\/\/shop.menopearl.com\/en\/produkt\/menopearl\/\",\"name\":\"MENOPEARL\u00ae 28 Tabletten - MENOPEARL\u00ae Official Store\",\"isPartOf\":{\"@id\":\"https:\/\/shop.menopearl.com\/en\/#website\"},\"primaryImageOfPage\":{\"@id\":\"https:\/\/shop.menopearl.com\/en\/produkt\/menopearl\/#primaryimage\"},\"image\":{\"@id\":\"https:\/\/shop.menopearl.com\/en\/produkt\/menopearl\/#primaryimage\"},\"thumbnailUrl\":\"https:\/\/shop.menopearl.com\/wp-content\/uploads\/2021\/01\/menopearl-packshot-de.png\",\"datePublished\":\"2020-12-04T15:14:28+00:00\",\"dateModified\":\"2023-10-24T08:32:07+00:00\",\"breadcrumb\":{\"@id\":\"https:\/\/shop.menopearl.com\/en\/produkt\/menopearl\/#breadcrumb\"},\"inLanguage\":\"de\",\"potentialAction\":[{\"@type\":\"ReadAction\",\"target\":[\"https:\/\/shop.menopearl.com\/en\/produkt\/menopearl\/\"]}]},{\"@type\":\"ImageObject\",\"inLanguage\":\"de\",\"@id\":\"https:\/\/shop.menopearl.com\/en\/produkt\/menopearl\/#primaryimage\",\"url\":\"https:\/\/shop.menopearl.com\/wp-content\/uploads\/2021\/01\/menopearl-packshot-de.png\",\"contentUrl\":\"https:\/\/shop.menopearl.com\/wp-content\/uploads\/2021\/01\/menopearl-packshot-de.png\",\"width\":1296,\"height\":1046},{\"@type\":\"BreadcrumbList\",\"@id\":\"https:\/\/shop.menopearl.com\/en\/produkt\/menopearl\/#breadcrumb\",\"itemListElement\":[{\"@type\":\"ListItem\",\"position\":1,\"name\":\"Home\",\"item\":\"https:\/\/shop.menopearl.com\/en\/\"},{\"@type\":\"ListItem\",\"position\":2,\"name\":\"Shop\",\"item\":\"https:\/\/shop.menopearl.com\/en\/\"},{\"@type\":\"ListItem\",\"position\":3,\"name\":\"MENOPEARL\u00ae 28 Tabletten\"}]},{\"@type\":\"WebSite\",\"@id\":\"https:\/\/shop.menopearl.com\/en\/#website\",\"url\":\"https:\/\/shop.menopearl.com\/en\/\",\"name\":\"MENOPEARL\u00ae Official Store\",\"description\":\"Official Store\",\"publisher\":{\"@id\":\"https:\/\/shop.menopearl.com\/en\/#organization\"},\"potentialAction\":[{\"@type\":\"SearchAction\",\"target\":{\"@type\":\"EntryPoint\",\"urlTemplate\":\"https:\/\/shop.menopearl.com\/en\/?s={search_term_string}\"},\"query-input\":{\"@type\":\"PropertyValueSpecification\",\"valueRequired\":true,\"valueName\":\"search_term_string\"}}],\"inLanguage\":\"de\"},{\"@type\":\"Organization\",\"@id\":\"https:\/\/shop.menopearl.com\/en\/#organization\",\"name\":\"Lenus Pharma GesmbH\",\"url\":\"https:\/\/shop.menopearl.com\/en\/\",\"logo\":{\"@type\":\"ImageObject\",\"inLanguage\":\"de\",\"@id\":\"https:\/\/shop.menopearl.com\/en\/#\/schema\/logo\/image\/\",\"url\":\"https:\/\/shop.menopearl.com\/wp-content\/uploads\/2020\/06\/lenus-pharma-invoice-logo.png\",\"contentUrl\":\"https:\/\/shop.menopearl.com\/wp-content\/uploads\/2020\/06\/lenus-pharma-invoice-logo.png\",\"width\":1200,\"height\":186,\"caption\":\"Lenus Pharma GesmbH\"},\"image\":{\"@id\":\"https:\/\/shop.menopearl.com\/en\/#\/schema\/logo\/image\/\"}}]}<\/script>\n<!-- \/ Yoast SEO plugin. -->","yoast_head_json":{"title":"MENOPEARL\u00ae 28 Tabletten - MENOPEARL\u00ae Official Store","robots":{"index":"index","follow":"follow","max-snippet":"max-snippet:-1","max-image-preview":"max-image-preview:large","max-video-preview":"max-video-preview:-1"},"canonical":"https:\/\/shop.menopearl.com\/en\/produkt\/menopearl\/","og_locale":"de_DE","og_type":"article","og_title":"MENOPEARL\u00ae 28 Tabletten - MENOPEARL\u00ae Official Store","og_description":"MENOPEARL\u00ae wurde speziell entwickelt, um Frauen bereits ab den ersten Anzeichen der Wechseljahre zu unterst\u00fctzen. Nur MENOPEARL\u00ae mit seinen zwei hochwertigen Inhaltsstoffen MF11RCE\u00ae-Rotklee Isoflavone und Hyalurons\u00e4ure hilft Frauen auf zwei Arten:   Es lindert sp\u00fcrbar die typischen Symptome in den Wechseljahren und  hilft, die Attraktivit\u00e4t zu erhalten, indem das Hautbild sichtbar gestrafft wird.  Wissenschaftliche Studien belegen den Effekt, Frauen sp\u00fcren den Unterschied.\u00a0Hormonfrei!","og_url":"https:\/\/shop.menopearl.com\/en\/produkt\/menopearl\/","og_site_name":"MENOPEARL\u00ae Official Store","article_modified_time":"2023-10-24T08:32:07+00:00","og_image":[{"width":1296,"height":1046,"url":"https:\/\/shop.menopearl.com\/wp-content\/uploads\/2021\/01\/menopearl-packshot-de.png","type":"image\/png"}],"schema":{"@context":"https:\/\/schema.org","@graph":[{"@type":"WebPage","@id":"https:\/\/shop.menopearl.com\/en\/produkt\/menopearl\/","url":"https:\/\/shop.menopearl.com\/en\/produkt\/menopearl\/","name":"MENOPEARL\u00ae 28 Tabletten - MENOPEARL\u00ae Official Store","isPartOf":{"@id":"https:\/\/shop.menopearl.com\/en\/#website"},"primaryImageOfPage":{"@id":"https:\/\/shop.menopearl.com\/en\/produkt\/menopearl\/#primaryimage"},"image":{"@id":"https:\/\/shop.menopearl.com\/en\/produkt\/menopearl\/#primaryimage"},"thumbnailUrl":"https:\/\/shop.menopearl.com\/wp-content\/uploads\/2021\/01\/menopearl-packshot-de.png","datePublished":"2020-12-04T15:14:28+00:00","dateModified":"2023-10-24T08:32:07+00:00","breadcrumb":{"@id":"https:\/\/shop.menopearl.com\/en\/produkt\/menopearl\/#breadcrumb"},"inLanguage":"de","potentialAction":[{"@type":"ReadAction","target":["https:\/\/shop.menopearl.com\/en\/produkt\/menopearl\/"]}]},{"@type":"ImageObject","inLanguage":"de","@id":"https:\/\/shop.menopearl.com\/en\/produkt\/menopearl\/#primaryimage","url":"https:\/\/shop.menopearl.com\/wp-content\/uploads\/2021\/01\/menopearl-packshot-de.png","contentUrl":"https:\/\/shop.menopearl.com\/wp-content\/uploads\/2021\/01\/menopearl-packshot-de.png","width":1296,"height":1046},{"@type":"BreadcrumbList","@id":"https:\/\/shop.menopearl.com\/en\/produkt\/menopearl\/#breadcrumb","itemListElement":[{"@type":"ListItem","position":1,"name":"Home","item":"https:\/\/shop.menopearl.com\/en\/"},{"@type":"ListItem","position":2,"name":"Shop","item":"https:\/\/shop.menopearl.com\/en\/"},{"@type":"ListItem","position":3,"name":"MENOPEARL\u00ae 28 Tabletten"}]},{"@type":"WebSite","@id":"https:\/\/shop.menopearl.com\/en\/#website","url":"https:\/\/shop.menopearl.com\/en\/","name":"MENOPEARL\u00ae Official Store","description":"Official Store","publisher":{"@id":"https:\/\/shop.menopearl.com\/en\/#organization"},"potentialAction":[{"@type":"SearchAction","target":{"@type":"EntryPoint","urlTemplate":"https:\/\/shop.menopearl.com\/en\/?s={search_term_string}"},"query-input":{"@type":"PropertyValueSpecification","valueRequired":true,"valueName":"search_term_string"}}],"inLanguage":"de"},{"@type":"Organization","@id":"https:\/\/shop.menopearl.com\/en\/#organization","name":"Lenus Pharma GesmbH","url":"https:\/\/shop.menopearl.com\/en\/","logo":{"@type":"ImageObject","inLanguage":"de","@id":"https:\/\/shop.menopearl.com\/en\/#\/schema\/logo\/image\/","url":"https:\/\/shop.menopearl.com\/wp-content\/uploads\/2020\/06\/lenus-pharma-invoice-logo.png","contentUrl":"https:\/\/shop.menopearl.com\/wp-content\/uploads\/2020\/06\/lenus-pharma-invoice-logo.png","width":1200,"height":186,"caption":"Lenus Pharma GesmbH"},"image":{"@id":"https:\/\/shop.menopearl.com\/en\/#\/schema\/logo\/image\/"}}]}},"_links":{"self":[{"href":"https:\/\/shop.menopearl.com\/de\/wp-json\/wp\/v2\/product\/468","targetHints":{"allow":["GET"]}}],"collection":[{"href":"https:\/\/shop.menopearl.com\/de\/wp-json\/wp\/v2\/product"}],"about":[{"href":"https:\/\/shop.menopearl.com\/de\/wp-json\/wp\/v2\/types\/product"}],"wp:featuredmedia":[{"embeddable":true,"href":"https:\/\/shop.menopearl.com\/de\/wp-json\/wp\/v2\/media\/457"}],"wp:attachment":[{"href":"https:\/\/shop.menopearl.com\/de\/wp-json\/wp\/v2\/media?parent=468"}],"wp:term":[{"taxonomy":"product_brand","embeddable":true,"href":"https:\/\/shop.menopearl.com\/de\/wp-json\/wp\/v2\/product_brand?post=468"},{"taxonomy":"product_cat","embeddable":true,"href":"https:\/\/shop.menopearl.com\/de\/wp-json\/wp\/v2\/product_cat?post=468"},{"taxonomy":"product_tag","embeddable":true,"href":"https:\/\/shop.menopearl.com\/de\/wp-json\/wp\/v2\/product_tag?post=468"}],"curies":[{"name":"wp","href":"https:\/\/api.w.org\/{rel}","templated":true}]}}